{"id":2464,"date":"2025-12-08T15:07:35","date_gmt":"2025-12-08T14:07:35","guid":{"rendered":"https:\/\/zimmeck3d.es\/wishlist\/"},"modified":"2026-04-16T11:37:36","modified_gmt":"2026-04-16T09:37:36","slug":"wishlist","status":"publish","type":"page","link":"https:\/\/zimeck3d.es\/en\/wishlist\/","title":{"rendered":"Wishlist"},"content":{"rendered":"\t\t<div data-elementor-type=\"wp-page\" data-elementor-id=\"2464\" class=\"elementor elementor-2464 elementor-1062\" data-elementor-post-type=\"page\">\n\t\t\t\t<div class=\"wd-negative-gap elementor-element elementor-element-c172664 e-flex e-con-boxed e-con e-parent\" data-id=\"c172664\" data-element_type=\"container\" data-e-type=\"container\">\n\t\t\t\t\t<div class=\"e-con-inner\">\n\t\t\t\t<div class=\"elementor-element elementor-element-df166af elementor-widget elementor-widget-wd_wishlist\" data-id=\"df166af\" data-element_type=\"widget\" data-e-type=\"widget\" data-widget_type=\"wd_wishlist.default\">\n\t\t\t\t<div class=\"elementor-widget-container\">\n\t\t\t\t\t\t\t\n\t\t\n\n\t\t\t\t<div class=\"\" >\n\t\t\t\t\t\t<div class=\"wd-wishlist-content\">\n\t\t\t\t\t\t\t\t\t\n\t\t<div class=\"wd-empty-block wd-empty-wishlist\">\n\n\t\t<h2 class=\"wd-empty-block-title\">\n\t\t\tThis wishlist is empty.\t\t<\/h2>\n\n\t\t\t\t\t<p class=\"wd-empty-block-text\">\n\t\t\t\tA\u00fan no tienes ning\u00fan producto en tu lista de deseos. Encontrar\u00e1s muchos productos interesantes en nuestra p\u00e1gina \"Tienda\".\t\t\t<\/p>\n\t\t\n\t\t\n\t\t\t\t\t<a class=\"button btn btn-accent wd-empty-block-btn\" href=\"https:\/\/zimeck3d.es\/en\/shop\/\">\n\t\t\t\tReturn to shop\t\t\t<\/a>\n\t\t\n\t\t\t\t\t<\/div>\n\t\t\t\t\t\t\t\t\t\t\t<\/div>\n\t\t\t\t<\/div>\n\t\t\t\t\t\t<\/div>\n\t\t\t\t<\/div>\n\t\t\t\t\t<\/div>\n\t\t\t\t<\/div>\n\t\t\t\t<\/div>\n\t\t","protected":false},"excerpt":{"rendered":"<p>My account Dashboard Orders Downloads Addresses Account details Wishlist Logout This wishlist is empty. You don&#8217;t have any products in<\/p>\n","protected":false},"author":1,"featured_media":0,"parent":0,"menu_order":0,"comment_status":"closed","ping_status":"closed","template":"","meta":{"footnotes":""},"class_list":["post-2464","page","type-page","status-publish","hentry"],"yoast_head":"<!-- This site is optimized with the Yoast SEO plugin v27.1.1 - https:\/\/yoast.com\/product\/yoast-seo-wordpress\/ -->\n<title>Wishlist - Zimeck3D<\/title>\n<meta name=\"robots\" content=\"noindex, follow, max-snippet:-1, max-image-preview:large, max-video-preview:-1\" \/>\n<meta property=\"og:locale\" content=\"en_US\" \/>\n<meta property=\"og:type\" content=\"article\" \/>\n<meta property=\"og:title\" content=\"Wishlist - Zimeck3D\" \/>\n<meta property=\"og:description\" content=\"My account Dashboard Orders Downloads Addresses Account details Wishlist Logout This wishlist is empty. You don&#8217;t have any products in\" \/>\n<meta property=\"og:url\" content=\"https:\/\/zimeck3d.es\/en\/wishlist\/\" \/>\n<meta property=\"og:site_name\" content=\"Zimeck3D\" \/>\n<meta property=\"article:modified_time\" content=\"2026-04-16T09:37:36+00:00\" \/>\n<meta name=\"twitter:card\" content=\"summary_large_image\" \/>\n<script type=\"application\/ld+json\" class=\"yoast-schema-graph\">{\"@context\":\"https:\/\/schema.org\",\"@graph\":[{\"@type\":\"WebPage\",\"@id\":\"https:\/\/zimeck3d.es\/en\/wishlist\/\",\"url\":\"https:\/\/zimeck3d.es\/en\/wishlist\/\",\"name\":\"Wishlist - Zimeck3D\",\"isPartOf\":{\"@id\":\"https:\/\/zimeck3d.es\/en\/#website\"},\"datePublished\":\"2025-12-08T14:07:35+00:00\",\"dateModified\":\"2026-04-16T09:37:36+00:00\",\"breadcrumb\":{\"@id\":\"https:\/\/zimeck3d.es\/en\/wishlist\/#breadcrumb\"},\"inLanguage\":\"en-US\",\"potentialAction\":[{\"@type\":\"ReadAction\",\"target\":[\"https:\/\/zimeck3d.es\/en\/wishlist\/\"]}]},{\"@type\":\"BreadcrumbList\",\"@id\":\"https:\/\/zimeck3d.es\/en\/wishlist\/#breadcrumb\",\"itemListElement\":[{\"@type\":\"ListItem\",\"position\":1,\"name\":\"Portada\",\"item\":\"https:\/\/zimeck3d.es\/en\/\"},{\"@type\":\"ListItem\",\"position\":2,\"name\":\"Wishlist\"}]},{\"@type\":\"WebSite\",\"@id\":\"https:\/\/zimeck3d.es\/en\/#website\",\"url\":\"https:\/\/zimeck3d.es\/en\/\",\"name\":\"Zimeck3D\",\"description\":\"\",\"potentialAction\":[{\"@type\":\"SearchAction\",\"target\":{\"@type\":\"EntryPoint\",\"urlTemplate\":\"https:\/\/zimeck3d.es\/en\/?s={search_term_string}\"},\"query-input\":{\"@type\":\"PropertyValueSpecification\",\"valueRequired\":true,\"valueName\":\"search_term_string\"}}],\"inLanguage\":\"en-US\"}]}<\/script>\n<!-- \/ Yoast SEO plugin. -->","yoast_head_json":{"title":"Wishlist - Zimeck3D","robots":{"index":"noindex","follow":"follow","max-snippet":"max-snippet:-1","max-image-preview":"max-image-preview:large","max-video-preview":"max-video-preview:-1"},"og_locale":"en_US","og_type":"article","og_title":"Wishlist - Zimeck3D","og_description":"My account Dashboard Orders Downloads Addresses Account details Wishlist Logout This wishlist is empty. You don&#8217;t have any products in","og_url":"https:\/\/zimeck3d.es\/en\/wishlist\/","og_site_name":"Zimeck3D","article_modified_time":"2026-04-16T09:37:36+00:00","twitter_card":"summary_large_image","schema":{"@context":"https:\/\/schema.org","@graph":[{"@type":"WebPage","@id":"https:\/\/zimeck3d.es\/en\/wishlist\/","url":"https:\/\/zimeck3d.es\/en\/wishlist\/","name":"Wishlist - Zimeck3D","isPartOf":{"@id":"https:\/\/zimeck3d.es\/en\/#website"},"datePublished":"2025-12-08T14:07:35+00:00","dateModified":"2026-04-16T09:37:36+00:00","breadcrumb":{"@id":"https:\/\/zimeck3d.es\/en\/wishlist\/#breadcrumb"},"inLanguage":"en-US","potentialAction":[{"@type":"ReadAction","target":["https:\/\/zimeck3d.es\/en\/wishlist\/"]}]},{"@type":"BreadcrumbList","@id":"https:\/\/zimeck3d.es\/en\/wishlist\/#breadcrumb","itemListElement":[{"@type":"ListItem","position":1,"name":"Portada","item":"https:\/\/zimeck3d.es\/en\/"},{"@type":"ListItem","position":2,"name":"Wishlist"}]},{"@type":"WebSite","@id":"https:\/\/zimeck3d.es\/en\/#website","url":"https:\/\/zimeck3d.es\/en\/","name":"Zimeck3D","description":"","potentialAction":[{"@type":"SearchAction","target":{"@type":"EntryPoint","urlTemplate":"https:\/\/zimeck3d.es\/en\/?s={search_term_string}"},"query-input":{"@type":"PropertyValueSpecification","valueRequired":true,"valueName":"search_term_string"}}],"inLanguage":"en-US"}]}},"jetpack_sharing_enabled":true,"_links":{"self":[{"href":"https:\/\/zimeck3d.es\/en\/wp-json\/wp\/v2\/pages\/2464","targetHints":{"allow":["GET"]}}],"collection":[{"href":"https:\/\/zimeck3d.es\/en\/wp-json\/wp\/v2\/pages"}],"about":[{"href":"https:\/\/zimeck3d.es\/en\/wp-json\/wp\/v2\/types\/page"}],"author":[{"embeddable":true,"href":"https:\/\/zimeck3d.es\/en\/wp-json\/wp\/v2\/users\/1"}],"replies":[{"embeddable":true,"href":"https:\/\/zimeck3d.es\/en\/wp-json\/wp\/v2\/comments?post=2464"}],"version-history":[{"count":1,"href":"https:\/\/zimeck3d.es\/en\/wp-json\/wp\/v2\/pages\/2464\/revisions"}],"predecessor-version":[{"id":2465,"href":"https:\/\/zimeck3d.es\/en\/wp-json\/wp\/v2\/pages\/2464\/revisions\/2465"}],"wp:attachment":[{"href":"https:\/\/zimeck3d.es\/en\/wp-json\/wp\/v2\/media?parent=2464"}],"curies":[{"name":"wp","href":"https:\/\/api.w.org\/{rel}","templated":true}]}}